{"id":33,"date":"2020-01-10T16:30:19","date_gmt":"2020-01-10T16:30:19","guid":{"rendered":"http:\/\/grade.org.pe\/proactt\/?page_id=33"},"modified":"2020-01-10T16:31:06","modified_gmt":"2020-01-10T16:31:06","slug":"noticias","status":"publish","type":"page","link":"http:\/\/grade.org.pe\/proactt\/noticias\/","title":{"rendered":"NOTICIAS"},"content":{"rendered":"\n<h2 class=\"has-text-align-center wp-block-heading\"> <strong>TRIBUTACI\u00d3N Y TABACO EN EL PER\u00da<\/strong><\/h2>\n\n\n\n<h3 class=\"has-text-align-center wp-block-heading\"> <strong>Noticias y Enlaces de Inter\u00e9s<\/strong>  <\/h3>\n\n\n\n<ul class=\"wp-block-list\"><li>Presentaci\u00f3n del nuevo libro publicado por el banco mundial\u00a0<a href=\"https:\/\/blogs.worldbank.org\/health\/tobacco-tax-reform-crossroads-health-and-development\">\u00abTobacco Tax Reform: At the Crossroads of Health and Development\u00bb<\/a>\u00a0(Reforma del Impuesto al Tabaco: En la encrucijada de la Salud y el Desarrollo). <\/li><li>Art\u00edculo publicado por The Tobacco Atlas, consorcio de publicaciones virtuales integrado por la Sociedad Americana de C\u00e1ncer (ACS) y Vital Strategies,\u00a0<a href=\"https:\/\/tobaccoatlas.org\/2018\/06\/24\/telling-the-evidence-based-truth-about-illicit-trade-in-colombia\/\">\u00abTelling the evidence-based truth about illicit trade in Colombia\u00bb<\/a>\u00a0(La verdad basada en la evidencia sobre el comercio il\u00edcito en Colombia). <\/li><li><strong>(06\/09\/2018)<\/strong> <br><strong>La Industria Tabacalera ha alcanzado redes sociales, influencers y j\u00f3venes.<\/strong><br>Recientemente el\u00a0<a href=\"https:\/\/nyti.ms\/2PHwxsY\">New York Times<\/a>, el\u00a0<a href=\"https:\/\/bit.ly\/2NPVemo\">London Economic<\/a>\u00a0,\u00a0<a href=\"https:\/\/ab.co\/2oMLYER\">ABC<\/a>, entre otros medios, han evidenciado los resultados del estudio de\u00a0<a href=\"https:\/\/bit.ly\/2oMWEmY\">Campaign for Tobacco-Free Kids<\/a>, en el cual se analizaron m\u00e1s de 100 redes sociales.\u00a0 Philip Morris International, British American Tobacco, Japan Tobacco International y Imperial Brands est\u00e1n pauteando a influencers sobre c\u00f3mo publicar selfies \u201ccorporativas\u201d. <\/li><\/ul>\n","protected":false},"excerpt":{"rendered":"<p>TRIBUTACI\u00d3N Y TABACO EN EL PER\u00da Noticias y Enlaces de Inter\u00e9s Presentaci\u00f3n del nuevo libro publicado por el banco mundial\u00a0\u00abTobacco Tax Reform: At the Crossroads of Health and Development\u00bb\u00a0(Reforma del Impuesto al Tabaco: En la encrucijada de la Salud y el Desarrollo). Art\u00edculo publicado por The Tobacco Atlas, consorcio de publicaciones virtuales integrado por la &#8230; <a title=\"NOTICIAS\" class=\"read-more\" href=\"http:\/\/grade.org.pe\/proactt\/noticias\/\">Read more <span class=\"screen-reader-text\">NOTICIAS<\/span><\/a><\/p>\n","protected":false},"author":1,"featured_media":0,"parent":0,"menu_order":0,"comment_status":"closed","ping_status":"closed","template":"","meta":{"_acf_changed":false,"footnotes":""},"class_list":["post-33","page","type-page","status-publish"],"acf":[],"_links":{"self":[{"href":"http:\/\/grade.org.pe\/proactt\/wp-json\/wp\/v2\/pages\/33","targetHints":{"allow":["GET"]}}],"collection":[{"href":"http:\/\/grade.org.pe\/proactt\/wp-json\/wp\/v2\/pages"}],"about":[{"href":"http:\/\/grade.org.pe\/proactt\/wp-json\/wp\/v2\/types\/page"}],"author":[{"embeddable":true,"href":"http:\/\/grade.org.pe\/proactt\/wp-json\/wp\/v2\/users\/1"}],"replies":[{"embeddable":true,"href":"http:\/\/grade.org.pe\/proactt\/wp-json\/wp\/v2\/comments?post=33"}],"version-history":[{"count":2,"href":"http:\/\/grade.org.pe\/proactt\/wp-json\/wp\/v2\/pages\/33\/revisions"}],"predecessor-version":[{"id":35,"href":"http:\/\/grade.org.pe\/proactt\/wp-json\/wp\/v2\/pages\/33\/revisions\/35"}],"wp:attachment":[{"href":"http:\/\/grade.org.pe\/proactt\/wp-json\/wp\/v2\/media?parent=33"}],"curies":[{"name":"wp","href":"https:\/\/api.w.org\/{rel}","templated":true}]}}