{"id":28,"date":"2020-01-10T16:00:44","date_gmt":"2020-01-10T16:00:44","guid":{"rendered":"http:\/\/grade.org.pe\/proactt\/?page_id=28"},"modified":"2020-01-10T23:18:18","modified_gmt":"2020-01-10T23:18:18","slug":"seminario-2","status":"publish","type":"page","link":"http:\/\/grade.org.pe\/proactt\/seminario-2\/","title":{"rendered":"Seminario 2"},"content":{"rendered":"\n<h2 class=\"has-text-align-center wp-block-heading\"><strong>\u00abTributaci\u00f3n y Consumo de Tabaco en el Per\u00fa\u00bb<\/strong><\/h2>\n\n\n\n<h4 class=\"has-text-align-center wp-block-heading\">Lugar: Auditorio GRADE &#8211; Av. Almirante Miguel Grau 915, Barranco<br> Fecha: 22\/09\/2017 <\/h4>\n\n\n\n<h3 class=\"has-text-align-center wp-block-heading\"> AGENDA <\/h3>\n\n\n\n<figure class=\"wp-block-table\"><table class=\"\"><tbody><tr><td> 9:00 &#8211; 9:05 a.m.                                                    <\/td><td>Palabras de bienvenida (GRADE) <\/td><\/tr><tr><td> 9:05 &#8211; 9:30 a.m. <\/td><td>Presentaci\u00f3n individual de Participantes <\/td><\/tr><tr><td> 9:30 &#8211; 10:00 a.m. <\/td><td><a href=\"http:\/\/grade.org.pe\/proactt\/wp-content\/uploads\/2020\/01\/presentation-jeffrey-drope.pdf\" target=\"_blank\" rel=\"noreferrer noopener\" aria-label=\"Agenda Mundial de Investigaci\u00f3n y Pol\u00edticas sobre el control y tributaci\u00f3n del rol de PROACTT. (opens in a new tab)\">Agenda Mundial de Investigaci\u00f3n y Pol\u00edticas sobre el control y tributaci\u00f3n del rol de PROACTT.<\/a> <br><em>Expositor: Jeffrey Drope (ACS)<\/em> <\/td><\/tr><tr><td> 10:00 &#8211; 10:20 a.m <\/td><td> Discusi\u00f3n <\/td><\/tr><tr><td> 10:20 &#8211; 10:40 a.m. <\/td><td> Coffee break <\/td><\/tr><tr><td> 10:40 &#8211; 10:55 a.m. <\/td><td><a href=\"http:\/\/grade.org.pe\/proactt\/wp-content\/uploads\/2020\/01\/presentacion_miryam-yepes.pdf\" target=\"_blank\" rel=\"noreferrer noopener\" aria-label=\"La experiencia peruana en el control del Tabaco, Pol\u00edticas P\u00fablicas y Tributaci\u00f3n. (opens in a new tab)\">La experiencia peruana en el control del Tabaco, Pol\u00edticas P\u00fablicas y Tributaci\u00f3n.<\/a><br><em>Expositora: Miryam Yepes (MEF)  <\/em><\/td><\/tr><tr><td> 10:55 &#8211; 11:10 a.m. <\/td><td>La experiencia peruana en incidencia y abogac\u00eda para el logro de la legislaci\u00f3n en el control del Tabaco.<br><em>Expositor: Carlos Farias (COLAT) <\/em><\/td><\/tr><tr><td> 11:10 &#8211; 11:30 a.m. <\/td><td>Discusi\u00f3n <\/td><\/tr><tr><td> 11:30 &#8211; 12:00 a.m. <\/td><td><a href=\"http:\/\/grade.org.pe\/proactt\/wp-content\/uploads\/2020\/01\/presentacion_martin-valdivia.pdf\" target=\"_blank\" rel=\"noreferrer noopener\" aria-label=\"Propuesta peruana de investigaci\u00f3n sobre Tributaci\u00f3n y Control del Tabaco en el Per\u00fa. (opens in a new tab)\">Propuesta peruana de investigaci\u00f3n sobre Tributaci\u00f3n y Control del Tabaco en el Per\u00fa.<\/a> <br><em>Expositor: Martin Valdivia (GRADE) <\/em><\/td><\/tr><tr><td> 12:00 &#8211; 12:20 a.m. <\/td><td>Discusi\u00f3n <\/td><\/tr><tr><td> 12:20 &#8211; 12:50 p.m. <\/td><td>Mesa redonda y panel de discusi\u00f3n: Opini\u00f3n general, cruce de intereses\/metas, intereses\/oportunidades para la colaboraci\u00f3n con personas e instituciones. <\/td><\/tr><tr><td> 12:50 &#8211; 1:15 p.m. <\/td><td>Comentarios finales<br>Martin Valdivia (GRADE)<br>Jeffrey Drope (ACS) <\/td><\/tr><\/tbody><\/table><\/figure>\n","protected":false},"excerpt":{"rendered":"<p>\u00abTributaci\u00f3n y Consumo de Tabaco en el Per\u00fa\u00bb Lugar: Auditorio GRADE &#8211; Av. Almirante Miguel Grau 915, Barranco Fecha: 22\/09\/2017 AGENDA 9:00 &#8211; 9:05 a.m. Palabras de bienvenida (GRADE) 9:05 &#8211; 9:30 a.m. Presentaci\u00f3n individual de Participantes 9:30 &#8211; 10:00 a.m. Agenda Mundial de Investigaci\u00f3n y Pol\u00edticas sobre el control y tributaci\u00f3n del rol de &#8230; <a title=\"Seminario 2\" class=\"read-more\" href=\"http:\/\/grade.org.pe\/proactt\/seminario-2\/\">Read more <span class=\"screen-reader-text\">Seminario 2<\/span><\/a><\/p>\n","protected":false},"author":1,"featured_media":0,"parent":0,"menu_order":0,"comment_status":"closed","ping_status":"closed","template":"","meta":{"_acf_changed":false,"footnotes":""},"class_list":["post-28","page","type-page","status-publish"],"acf":[],"_links":{"self":[{"href":"http:\/\/grade.org.pe\/proactt\/wp-json\/wp\/v2\/pages\/28","targetHints":{"allow":["GET"]}}],"collection":[{"href":"http:\/\/grade.org.pe\/proactt\/wp-json\/wp\/v2\/pages"}],"about":[{"href":"http:\/\/grade.org.pe\/proactt\/wp-json\/wp\/v2\/types\/page"}],"author":[{"embeddable":true,"href":"http:\/\/grade.org.pe\/proactt\/wp-json\/wp\/v2\/users\/1"}],"replies":[{"embeddable":true,"href":"http:\/\/grade.org.pe\/proactt\/wp-json\/wp\/v2\/comments?post=28"}],"version-history":[{"count":5,"href":"http:\/\/grade.org.pe\/proactt\/wp-json\/wp\/v2\/pages\/28\/revisions"}],"predecessor-version":[{"id":112,"href":"http:\/\/grade.org.pe\/proactt\/wp-json\/wp\/v2\/pages\/28\/revisions\/112"}],"wp:attachment":[{"href":"http:\/\/grade.org.pe\/proactt\/wp-json\/wp\/v2\/media?parent=28"}],"curies":[{"name":"wp","href":"https:\/\/api.w.org\/{rel}","templated":true}]}}