{"id":24,"date":"2020-01-10T15:41:29","date_gmt":"2020-01-10T15:41:29","guid":{"rendered":"http:\/\/grade.org.pe\/proactt\/?page_id=24"},"modified":"2020-01-10T22:25:04","modified_gmt":"2020-01-10T22:25:04","slug":"eventos","status":"publish","type":"page","link":"http:\/\/grade.org.pe\/proactt\/eventos\/","title":{"rendered":"EVENTOS"},"content":{"rendered":"\n<h2 class=\"has-text-align-center wp-block-heading\"><strong>TRIBUTACI\u00d3N Y TABACO EN EL PER\u00da<\/strong><\/h2>\n\n\n\n<h3 class=\"has-text-align-center wp-block-heading\"><strong>Eventos<\/strong><\/h3>\n\n\n\n<ul class=\"wp-block-list\"><li><a href=\"http:\/\/grade.org.pe\/proactt\/seminario-1\/\">Seminario \u201cPol\u00edtica Tributaria y demanda de Tabaco en el Per\u00fa\u201d (24\/04\/2019, Auditorio GRADE, Lima, Per\u00fa) <\/a><\/li><\/ul>\n\n\n\n<hr class=\"wp-block-separator\"\/>\n\n\n\n<ul class=\"wp-block-list\"><li><a href=\"http:\/\/grade.org.pe\/proactt\/seminario-2\/\">\u00abTaller Tributaci\u00f3n y Consumo de Tabaco en el Per\u00fa\u00bb (22\/09\/2017, Auditorio GRADE, Lima, Per\u00fa)<\/a><\/li><\/ul>\n\n\n\n<hr class=\"wp-block-separator\"\/>\n\n\n\n<ul class=\"wp-block-list\"><li><a href=\"http:\/\/grade.org.pe\/proactt\/seminario-3\/\">FORO NACIONAL: POL\u00cdTICAS EFECTIVAS PARA EL CONTROL DEL TABACO EN EL PER\u00da \u201cRespira Vida, Vive sin Tabaco\u201d (29\/05\/2919, Organizaci\u00f3n Panamericana de la Salud) <\/a><\/li><\/ul>\n\n\n\n<p><\/p>\n","protected":false},"excerpt":{"rendered":"<p>TRIBUTACI\u00d3N Y TABACO EN EL PER\u00da Eventos Seminario \u201cPol\u00edtica Tributaria y demanda de Tabaco en el Per\u00fa\u201d (24\/04\/2019, Auditorio GRADE, Lima, Per\u00fa) \u00abTaller Tributaci\u00f3n y Consumo de Tabaco en el Per\u00fa\u00bb (22\/09\/2017, Auditorio GRADE, Lima, Per\u00fa) FORO NACIONAL: POL\u00cdTICAS EFECTIVAS PARA EL CONTROL DEL TABACO EN EL PER\u00da \u201cRespira Vida, Vive sin Tabaco\u201d (29\/05\/2919, Organizaci\u00f3n &#8230; <a title=\"EVENTOS\" class=\"read-more\" href=\"http:\/\/grade.org.pe\/proactt\/eventos\/\">Read more <span class=\"screen-reader-text\">EVENTOS<\/span><\/a><\/p>\n","protected":false},"author":1,"featured_media":0,"parent":0,"menu_order":0,"comment_status":"closed","ping_status":"closed","template":"","meta":{"_acf_changed":false,"footnotes":""},"class_list":["post-24","page","type-page","status-publish"],"acf":[],"_links":{"self":[{"href":"http:\/\/grade.org.pe\/proactt\/wp-json\/wp\/v2\/pages\/24","targetHints":{"allow":["GET"]}}],"collection":[{"href":"http:\/\/grade.org.pe\/proactt\/wp-json\/wp\/v2\/pages"}],"about":[{"href":"http:\/\/grade.org.pe\/proactt\/wp-json\/wp\/v2\/types\/page"}],"author":[{"embeddable":true,"href":"http:\/\/grade.org.pe\/proactt\/wp-json\/wp\/v2\/users\/1"}],"replies":[{"embeddable":true,"href":"http:\/\/grade.org.pe\/proactt\/wp-json\/wp\/v2\/comments?post=24"}],"version-history":[{"count":3,"href":"http:\/\/grade.org.pe\/proactt\/wp-json\/wp\/v2\/pages\/24\/revisions"}],"predecessor-version":[{"id":93,"href":"http:\/\/grade.org.pe\/proactt\/wp-json\/wp\/v2\/pages\/24\/revisions\/93"}],"wp:attachment":[{"href":"http:\/\/grade.org.pe\/proactt\/wp-json\/wp\/v2\/media?parent=24"}],"curies":[{"name":"wp","href":"https:\/\/api.w.org\/{rel}","templated":true}]}}