{"id":18,"date":"2020-01-10T15:29:13","date_gmt":"2020-01-10T15:29:13","guid":{"rendered":"http:\/\/grade.org.pe\/proactt\/?page_id=18"},"modified":"2020-01-10T15:30:32","modified_gmt":"2020-01-10T15:30:32","slug":"alcances","status":"publish","type":"page","link":"http:\/\/grade.org.pe\/proactt\/alcances\/","title":{"rendered":"ALCANCES"},"content":{"rendered":"\n<h2 class=\"has-text-align-center wp-block-heading\"><strong>TRIBUTACI\u00d3N Y TABACO EN EL PER\u00da<\/strong><\/h2>\n\n\n\n<h3 class=\"has-text-align-center wp-block-heading\"> <strong>Alcances del Proyecto<\/strong> <\/h3>\n\n\n\n<p><strong> Detalle de la propuesta <\/strong><\/p>\n\n\n\n<p>El objetivo de esta propuesta es contribuir a la discusi\u00f3n pol\u00edtica sobre los determinantes diferenciados del consumo de tabaco por grupos de poblaci\u00f3n en el Per\u00fa, especialmente sobre los impactos diferenciados de la tributaci\u00f3n en el consumo de cigarrillos por parte de adolescentes y mujeres. El enfoque metodol\u00f3gico de esta propuesta se basa en la disponibilidad \u00fanica de datos sobre gastos individuales en cigarrillos en la ronda de 2010 de la Encuesta Nacional de Poblaci\u00f3n sobre Consumo de Drogas. Tambi\u00e9n planeamos analizar los patrones en el inicio del consumo del tabaco y el efecto de los precios, al unir la base de datos de ENES con la informaci\u00f3n de precios proporcionada por el INEI.<\/p>\n\n\n\n<p>Para lograr los objetivos, se ha considerado realizar las siguientes actividades:<\/p>\n\n\n\n<p> <strong>Actividad 1:<\/strong>&nbsp;Desarrollar un mapeo de actores clave en torno al consumo de cigarrillos en el Per\u00fa, identificando sus intereses y acciones. Este esfuerzo ser\u00eda clave para promover una alianza de instituciones y personas que favorecen los aumentos de impuestos para el consumo de cigarrillos, lo que ser\u00eda fundamental para la difusi\u00f3n de los resultados de investigaci\u00f3n y la promoci\u00f3n de aumentos de impuestos. <\/p>\n\n\n\n<p><strong>Actividad 2:&nbsp;<\/strong>An\u00e1lisis econom\u00e9trico. El primer an\u00e1lisis se centrar\u00e1 en caracterizar los patrones de consumo de cigarrillos por parte de los adolescentes, comenzando con los datos previos de adolescentes y adultos, e incluyendo un an\u00e1lisis de cohortes que podr\u00e1 mostrar si hay un cambio de tendencia como resultado del aumento significativo de impuestos que ocurri\u00f3 en el a\u00f1o 2016. En segundo lugar, analizaremos el impacto de los precios en la iniciaci\u00f3n del h\u00e1bito de fumar por adolescentes peruanos, basado en el enfoque seguido por Guindon, Paraje y Chavez (2015). En tercer lugar, nos centraremos en la estimaci\u00f3n de la elasticidad precio de la demanda de cigarrillos en el Per\u00fa, en funci\u00f3n del enfoque de Deaton ya utilizado en Gonz\u00e1lez-Rozada y Ramos-Carbajales (2016) a nivel de hogar. El uso de datos de consumo individual en lugar de informes a nivel de hogares, tambi\u00e9n nos permitir\u00e1 establecer el efecto diferenciado de un shock fiscal sobre el consumo de diferentes grupos de la poblaci\u00f3n (por edad, g\u00e9nero y SES).<\/p>\n\n\n\n<p> <strong>Actividad 3:<\/strong>&nbsp;Preparaci\u00f3n de informes de investigaci\u00f3n. Revisi\u00f3n de literatura, antecedentes de la adicci\u00f3n al tabaco por parte de diferentes grupos individuales en Per\u00fa, estimaci\u00f3n de las elasticidades de precios para el inicio y el consumo actual, conclusiones y recomendaciones de pol\u00edticas. <\/p>\n\n\n\n<p> <strong>Actividad 4:<\/strong>&nbsp;Eventos y actividades de difusi\u00f3n, con el apoyo de las alianzas formadas al principio, estrecha interacci\u00f3n con el funcionario p\u00fablico clave. <\/p>\n","protected":false},"excerpt":{"rendered":"<p>TRIBUTACI\u00d3N Y TABACO EN EL PER\u00da Alcances del Proyecto Detalle de la propuesta El objetivo de esta propuesta es contribuir a la discusi\u00f3n pol\u00edtica sobre los determinantes diferenciados del consumo de tabaco por grupos de poblaci\u00f3n en el Per\u00fa, especialmente sobre los impactos diferenciados de la tributaci\u00f3n en el consumo de cigarrillos por parte de &#8230; <a title=\"ALCANCES\" class=\"read-more\" href=\"http:\/\/grade.org.pe\/proactt\/alcances\/\">Read more <span class=\"screen-reader-text\">ALCANCES<\/span><\/a><\/p>\n","protected":false},"author":1,"featured_media":0,"parent":0,"menu_order":0,"comment_status":"closed","ping_status":"closed","template":"","meta":{"_acf_changed":false,"footnotes":""},"class_list":["post-18","page","type-page","status-publish"],"acf":[],"_links":{"self":[{"href":"http:\/\/grade.org.pe\/proactt\/wp-json\/wp\/v2\/pages\/18","targetHints":{"allow":["GET"]}}],"collection":[{"href":"http:\/\/grade.org.pe\/proactt\/wp-json\/wp\/v2\/pages"}],"about":[{"href":"http:\/\/grade.org.pe\/proactt\/wp-json\/wp\/v2\/types\/page"}],"author":[{"embeddable":true,"href":"http:\/\/grade.org.pe\/proactt\/wp-json\/wp\/v2\/users\/1"}],"replies":[{"embeddable":true,"href":"http:\/\/grade.org.pe\/proactt\/wp-json\/wp\/v2\/comments?post=18"}],"version-history":[{"count":4,"href":"http:\/\/grade.org.pe\/proactt\/wp-json\/wp\/v2\/pages\/18\/revisions"}],"predecessor-version":[{"id":23,"href":"http:\/\/grade.org.pe\/proactt\/wp-json\/wp\/v2\/pages\/18\/revisions\/23"}],"wp:attachment":[{"href":"http:\/\/grade.org.pe\/proactt\/wp-json\/wp\/v2\/media?parent=18"}],"curies":[{"name":"wp","href":"https:\/\/api.w.org\/{rel}","templated":true}]}}