{"id":75,"date":"2014-06-04T04:55:25","date_gmt":"2014-06-04T09:55:25","guid":{"rendered":"http:\/\/www.grade.org.pe\/?page_id=75"},"modified":"2017-02-02T17:36:12","modified_gmt":"2017-02-02T22:36:12","slug":"servicios-de-la-biblioteca","status":"publish","type":"page","link":"http:\/\/grade.org.pe\/en\/library\/library-services\/","title":{"rendered":"Library Services"},"content":{"rendered":"<p><\/p>\n<ul>\n<li><span style=\"color: #59600d;\"><strong>Alerta bibliogr\u00e1fica<\/strong><\/span><\/li>\n<\/ul>\n<p>Se realiza con el objetivo de que los usuarios est\u00e9n siempre actualizados. El centro de documentaci\u00f3n (CENDOC) elabora una relaci\u00f3n de las \u00faltimas adquisiciones y publicaciones de GRADE. Esta Alerta es enviada v\u00eda correo electr\u00f3nico a los miembros de la instituci\u00f3n.<\/p>\n<ul>\n<li><span style=\"color: #59600d;\"><strong>Lectura en sala<\/strong><\/span><\/li>\n<\/ul>\n<p>La lectura y revisi\u00f3n de la colecci\u00f3n dentro de la sala de lectura se brinda a todos los usuarios del CENDOC. En el caso de los usuarios externos, la visita a la biblioteca se realiza previa cita.<\/p>\n<ul>\n<li><span style=\"color: #59600d;\"><strong>Pr\u00e9stamo a domicilio<\/strong><\/span><\/li>\n<\/ul>\n<p>Es un servicio que solo se brinda a los investigadores y asistentes de investigaci\u00f3n; as\u00ed como al personal administrativo de GRADE.<\/p>\n<ul>\n<li><span style=\"color: #59600d;\"><strong>Pr\u00e9stamo interbibliotecario<\/strong><\/span><\/li>\n<\/ul>\n<p>Este servicio se brinda a todo el personal de GRADE. El personal encargado del CENDOC coordina con bibliotecas y\/o centros de informaci\u00f3n para realizar el pr\u00e9stamo de publicaciones solicitadas por los usuarios de GRADE y al mismo tiempo responde consultas de pr\u00e9stamo de otras bibliotecas amigas.<\/p>\n<ul>\n<li><span style=\"color: #59600d;\"><strong>Referencia<\/strong><\/span><\/li>\n<\/ul>\n<p>Se orienta y brinda informaci\u00f3n a todos los usuarios acerca de la colecci\u00f3n, los servicios u otro aspecto relacionado con el CENDOC y las publicaciones de GRADE. Se acompa\u00f1a al usuario en su proceso de b\u00fasqueda de informaci\u00f3n relevante para sus investigaciones.<strong>\u00a0<\/strong><\/p>\n<ul>\n<li><span style=\"color: #59600d;\"><strong>Cat\u00e1logo virtual<\/strong><\/span><\/li>\n<\/ul>\n<p>El CENDOC cuenta con toda la colecci\u00f3n actualizada, a disposici\u00f3n de todos sus usuarios, a trav\u00e9s del cat\u00e1logo en l\u00ednea. Ver: <a href=\"http:\/\/www.grade.org.pe\/biblioteca\/catalogo-virtual\/\">http:\/\/www.grade.org.pe\/biblioteca\/catalogo-virtual\/<\/a><\/p>\n<ul>\n<li><span style=\"color: #59600d;\"><strong>Repositorio institucional<\/strong><\/span><\/li>\n<\/ul>\n<p>El repositorio institucional de GRADE contiene todas las publicaciones de la instituci\u00f3n, desde sus inicios hasta la actualidad. Esto incluye libros, cap\u00edtulos de libros, documentos de trabajo y boletines, entre otros.\u00a0 Ver: <a href=\"http:\/\/repositorio.grade.org.pe\/\">http:\/\/repositorio.grade.org.pe\/<\/a><\/p>","protected":false},"excerpt":{"rendered":"<p>Alerta bibliogr\u00e1fica Se realiza con el objetivo de que los usuarios est\u00e9n siempre actualizados. El centro de documentaci\u00f3n (CENDOC) elabora una relaci\u00f3n de las \u00faltimas adquisiciones y publicaciones de GRADE. Esta Alerta es enviada v\u00eda correo electr\u00f3nico a los miembros de la instituci\u00f3n. Lectura en sala La lectura y revisi\u00f3n de la colecci\u00f3n dentro de [&hellip;]<\/p>\n","protected":false},"author":1,"featured_media":0,"parent":73,"menu_order":3,"comment_status":"closed","ping_status":"closed","template":"","meta":{"footnotes":""},"class_list":["post-75","page","type-page","status-publish","hentry"],"_links":{"self":[{"href":"http:\/\/grade.org.pe\/en\/wp-json\/wp\/v2\/pages\/75","targetHints":{"allow":["GET"]}}],"collection":[{"href":"http:\/\/grade.org.pe\/en\/wp-json\/wp\/v2\/pages"}],"about":[{"href":"http:\/\/grade.org.pe\/en\/wp-json\/wp\/v2\/types\/page"}],"author":[{"embeddable":true,"href":"http:\/\/grade.org.pe\/en\/wp-json\/wp\/v2\/users\/1"}],"replies":[{"embeddable":true,"href":"http:\/\/grade.org.pe\/en\/wp-json\/wp\/v2\/comments?post=75"}],"version-history":[{"count":0,"href":"http:\/\/grade.org.pe\/en\/wp-json\/wp\/v2\/pages\/75\/revisions"}],"up":[{"embeddable":true,"href":"http:\/\/grade.org.pe\/en\/wp-json\/wp\/v2\/pages\/73"}],"wp:attachment":[{"href":"http:\/\/grade.org.pe\/en\/wp-json\/wp\/v2\/media?parent=75"}],"curies":[{"name":"wp","href":"https:\/\/api.w.org\/{rel}","templated":true}]}}