{"id":23212,"date":"2017-06-20T15:25:02","date_gmt":"2017-06-20T20:25:02","guid":{"rendered":"http:\/\/www.grade.org.pe\/?page_id=23212"},"modified":"2017-06-21T10:04:50","modified_gmt":"2017-06-21T15:04:50","slug":"estadisticas-y-datos","status":"publish","type":"page","link":"http:\/\/grade.org.pe\/en\/library\/other-information-resources\/magazines-and-other-working-papers-2\/","title":{"rendered":"Magazines and other working papers"},"content":{"rendered":"<table>\n<tbody>\n<tr>\n<td>\n<p style=\"text-align: justify; padding-right: 30px;\"><span style=\"color: #59600d;\"><strong>Apuntes: revista del CIUP<\/strong><\/span><\/p>\n<p style=\"text-align: justify; padding-right: 30px;\">Es una revista semestral de ciencias sociales editada por el Centro de Investigaci\u00f3n de la Universidad del Pac\u00edfico (CIUP). La revista tiene por finalidad publicar y difundir estudios de investigaci\u00f3n emp\u00edrica sobre Am\u00e9rica Latina y el Per\u00fa con \u00e9nfasis en pol\u00edticas sociales.<\/p>\n<p style=\"text-align: justify; padding-right: 30px;\"><span style=\"color: #59600d;\"><a style=\"color: #59600d;\" href=\"http:\/\/www.up.edu.pe\/revista_apuntes\/SitePages\/index.aspx\">http:\/\/www.up.edu.pe\/revista_apuntes\/SitePages\/index.aspx <\/a><\/span><\/p>\n<\/td>\n<td style=\"text-align: justify;\"><img loading=\"lazy\" decoding=\"async\" src=\"http:\/\/www.grade.org.pe\/wp-content\/uploads\/028.png\" width=\"200\" height=\"80\" \/><\/td>\n<\/tr>\n<tr style=\"text-align: justify;\">\n<td>\n<p style=\"padding-right: 30px;\"><span style=\"color: #59600d;\"><strong>Banco Mundial: publicaciones<\/strong><\/span><\/p>\n<p style=\"padding-right: 30px;\">En la p\u00e1gina del Banco Mundial se puede encontrar las principales publicaciones e informes del Banco, como por ejemplo: Indicadores de desarrollo mundial, Perspectivas para la econom\u00eda mundial, Informe sobre el desarrollo mundial, Atlas en l\u00ednea sobre los Objetivos de Desarrollo del Milenio, entre otros.<\/p>\n<p style=\"padding-right: 30px;\"><span style=\"color: #59600d;\"><a style=\"color: #59600d;\" href=\"http:\/\/www5.bancomundial.org\/investigacion\/publicaciones.htm\">http:\/\/www5.bancomundial.org\/investigacion\/publicaciones.htm <\/a><\/span><\/p>\n<\/td>\n<td><img loading=\"lazy\" decoding=\"async\" class=\"aligncenter size-full wp-image-23120\" src=\"http:\/\/www.grade.org.pe\/wp-content\/uploads\/02.png\" alt=\"02\" width=\"200\" height=\"130\" \/><\/td>\n<\/tr>\n<tr style=\"text-align: justify;\">\n<td>\n<p style=\"padding-right: 30px;\"><span style=\"color: #59600d;\"><strong>BID: publicaciones<\/strong><\/span><\/p>\n<p style=\"padding-right: 30px;\">Los temas actuales del Banco Interamericano de Desarrollo (BID) est\u00e1n relacionados a inclusi\u00f3n social y e igualdad, productividad e innovaci\u00f3n e integraci\u00f3n econ\u00f3mica; adem\u00e1s de tres temas transversales, igualdad de g\u00e9nero, cambio clim\u00e1tico y sostenibilidad ambiental, y capacidad institucional y estado derecho. Las publicaciones que incluye la web son: notas t\u00e9cnicas, documentos para discusi\u00f3n, documentos de trabajo, libros y monograf\u00edas, informes anuales, boletines y revistas, entre otros.<\/p>\n<p style=\"padding-right: 30px;\"><span style=\"color: #59600d;\"><a style=\"color: #59600d;\" href=\"https:\/\/publications.iadb.org\/\">https:\/\/publications.iadb.org\/<\/a><\/span><\/p>\n<\/td>\n<td><img loading=\"lazy\" decoding=\"async\" src=\"http:\/\/www.grade.org.pe\/wp-content\/uploads\/03.png\" width=\"200\" height=\"100\" \/><\/td>\n<\/tr>\n<tr style=\"text-align: justify;\">\n<td>\n<p style=\"padding-right: 30px;\"><span style=\"color: #59600d;\"><strong>BCRP: publicaciones<\/strong><\/span><\/p>\n<p style=\"padding-right: 30px;\">El Banco Central de Reserva del Per\u00fa (BCRP) tiene como objetivo divulgar el resultado de todas sus investigaciones econ\u00f3micas. El BCRP ofrece las siguientes publicaciones: Nota Semanal, Notas de Estudios, Reporte de Inflaci\u00f3n, Revista de Estudios Econ\u00f3micos, Memorias, Revista Moneda, entre otras. Las principales \u00e1reas de inter\u00e9s del BCRP incluyen macroeconom\u00eda, pol\u00edtica monetaria, econom\u00eda internacional, pol\u00edtica econ\u00f3mica y finanzas.<\/p>\n<p style=\"padding-right: 30px;\"><span style=\"color: #59600d;\"><a style=\"color: #59600d;\" href=\"http:\/\/www.bcrp.gob.pe\/publicaciones.html\">http:\/\/www.bcrp.gob.pe\/publicaciones.html<\/a><\/span><\/p>\n<\/td>\n<td><img loading=\"lazy\" decoding=\"async\" src=\"http:\/\/www.grade.org.pe\/wp-content\/uploads\/04.jpg\" width=\"200\" height=\"130\" \/><\/td>\n<\/tr>\n<tr style=\"text-align: justify;\">\n<td>\n<p style=\"padding-right: 30px;\"><span style=\"color: #59600d;\"><strong>Debates en Sociolog\u00eda: revista de la PUCP<\/strong><\/span><\/p>\n<p style=\"padding-right: 30px;\">Es una publicaci\u00f3n acad\u00e9mica semestral, editada desde 1977 por el Departamento de Ciencias Sociales de la Pontificia Universidad Cat\u00f3lica del Per\u00fa (PUCP). Debates en Sociolog\u00eda publica principalmente art\u00edculos acad\u00e9micos de investigaci\u00f3n (emp\u00edrica, te\u00f3rica y\/o aplicada), as\u00ed como ensayos, rese\u00f1as bibliogr\u00e1ficas y discusiones te\u00f3ricas en torno a la sociolog\u00eda y disciplinas afines.<\/p>\n<p style=\"padding-right: 30px;\"><span style=\"color: #59600d;\"><a style=\"color: #59600d;\" href=\"http:\/\/revistas.pucp.edu.pe\/index.php\/debatesensociologia\">http:\/\/revistas.pucp.edu.pe\/index.php\/debatesensociologia<\/a><\/span><\/p>\n<\/td>\n<td><span style=\"color: #59600d;\"><strong><img loading=\"lazy\" decoding=\"async\" src=\"http:\/\/www.grade.org.pe\/wp-content\/uploads\/05.jpg\" width=\"200\" height=\"140\" \/><\/strong><\/span><\/td>\n<\/tr>\n<tr style=\"text-align: justify;\">\n<td>\n<p style=\"padding-right: 30px;\"><span style=\"color: #59600d;\"><strong>Econom\u00eda: revista de la PUCP<\/strong><\/span><\/p>\n<p style=\"padding-right: 30px;\">Es la revista del Departamento de Econom\u00eda de la PUCP. Se publica semestralmente desde 1977, acogiendo las contribuciones de acad\u00e9micos peruanos y extranjeros en torno a la econom\u00eda peruana y latinoamericana, la teor\u00eda econ\u00f3mica y la historia de las ideas econ\u00f3micas en el Per\u00fa y Am\u00e9rica Latina.<\/p>\n<p style=\"padding-right: 30px;\"><span style=\"color: #59600d;\"><a style=\"color: #59600d;\" href=\"http:\/\/revistas.pucp.edu.pe\/index.php\/economia\/index\">http:\/\/revistas.pucp.edu.pe\/index.php\/economia\/index<\/a><\/span><\/p>\n<\/td>\n<td><img loading=\"lazy\" decoding=\"async\" src=\"http:\/\/www.grade.org.pe\/wp-content\/uploads\/06.jpg\" width=\"200\" height=\"140\" \/><\/td>\n<\/tr>\n<tr style=\"text-align: justify;\">\n<td>\n<p style=\"padding-right: 30px;\"><span style=\"color: #59600d;\"><strong>Econom\u00eda y Sociedad: revista del CIES<\/strong><\/span><\/p>\n<p style=\"padding-right: 30px;\">Revista institucional del Consorcio de Investigaci\u00f3n Econ\u00f3mica y Social (CIES). Publicada originalmente como \u201cBolet\u00edn de Opini\u00f3n\u201d. Desde 2002 se publica trimestralmente con formato de revista. Cada publicaci\u00f3n est\u00e1 dedicada a un tema primario, pero contiene informaci\u00f3n sobre temas adicionales.\u00a0En la rese\u00f1a correspondiente a cada n\u00famero, se puede ver un resumen y se puede descargar todos los art\u00edculos de la revista.<\/p>\n<p style=\"padding-right: 30px;\"><span style=\"color: #59600d;\"><a style=\"color: #59600d;\" href=\"http:\/\/cies.org.pe\/publicaciones\/economia-y-sociedad \">http:\/\/cies.org.pe\/publicaciones\/economia-y-sociedad <\/a><\/span><\/p>\n<\/td>\n<td><strong><img loading=\"lazy\" decoding=\"async\" src=\"http:\/\/www.grade.org.pe\/wp-content\/uploads\/07.png\" width=\"200\" height=\"50\" \/><\/strong><\/td>\n<\/tr>\n<tr style=\"text-align: justify;\">\n<td>\n<p style=\"padding-right: 30px;\"><span style=\"color: #59600d;\"><strong>FMI: publicaciones<\/strong><\/span><\/p>\n<p style=\"padding-right: 30px;\">Las publicaciones del Fondo Monetario Internacional (FMI) distribuyen datos completos y an\u00e1lisis originales, con cobertura de casi todas las econom\u00edas del mundo y un enfoque especial en las econom\u00edas emergentes y en desarrollo. Las bases de datos, libros, peri\u00f3dicos y publicaciones peri\u00f3dicas del FMI son solicitadas por gobiernos e instituciones acad\u00e9micas de todo el mundo.<\/p>\n<p style=\"padding-right: 30px;\"><span style=\"color: #59600d;\"><a style=\"color: #59600d;\" href=\"http:\/\/www.imf.org\/external\/publications\/index.htm\">http:\/\/www.imf.org\/external\/publications\/index.htm<\/a><\/span><\/p>\n<\/td>\n<td><img loading=\"lazy\" decoding=\"async\" src=\"http:\/\/www.grade.org.pe\/wp-content\/uploads\/fmi.png\" width=\"200\" height=\"211\" \/><\/td>\n<\/tr>\n<tr style=\"text-align: justify;\">\n<td>\n<p style=\"padding-right: 30px;\"><span style=\"color: #59600d;\"><strong>NBER: documentos de trabajo y publicaciones<\/strong><\/span><\/p>\n<p style=\"padding-right: 30px;\">National Bureau of Economic Research (NBER) es una organizaci\u00f3n americana de investigaci\u00f3n sin \u00e1nimo de lucro, fundada en 1920 y cuyo principal objetivo es realizar y difundir investigaciones econ\u00f3micas, que promueve entre los formuladores de pol\u00edticas p\u00fablicas, profesionales y la comunidad acad\u00e9mica. Entre sus temas de estudio resaltan: desarrollo econ\u00f3mico, econom\u00eda de la educaci\u00f3n, infancia, energ\u00eda y medio ambiente, salud, econom\u00eda de la salud, estudios laborales, econom\u00eda pol\u00edtica, entre otros.<\/p>\n<p style=\"padding-right: 30px;\"><span style=\"color: #59600d;\"><a style=\"color: #59600d;\" href=\"http:\/\/www.nber.org\/papers.html\">http:\/\/www.nber.org\/papers.html<\/a><\/span><\/p>\n<\/td>\n<td><img loading=\"lazy\" decoding=\"async\" src=\"http:\/\/www.grade.org.pe\/wp-content\/uploads\/09.png\" width=\"200\" height=\"110\" \/><\/td>\n<\/tr>\n<tr style=\"text-align: justify;\">\n<td>\n<p style=\"padding-right: 30px;\"><span style=\"color: #59600d;\"><strong>OEI: publicaciones<\/strong><\/span><\/p>\n<p style=\"padding-right: 30px;\">La Organizaci\u00f3n de Estados Iberoamericanos para la Educaci\u00f3n, la Ciencia y la Cultura (OEI) es un organismo internacional de car\u00e1cter gubernamental para la cooperaci\u00f3n entre los pa\u00edses iberoamericanos en el campo de la educaci\u00f3n, la ciencia y la\u00a0cultura. El sitio web incluye todas sus colecciones y Revista Iberoamericana de Educaci\u00f3n a texto completo. Adem\u00e1s cuenta con un espacio dedicado a las Metas Educativas 2021, que incluye tablas y gr\u00e1ficos con informaci\u00f3n sobre el acceso al nivel inicial, gasto p\u00fablico en educaci\u00f3n, pasaje del nivel primario al secundario y resultados de la evaluaci\u00f3n PISA, y otra informaci\u00f3n relevante para caracterizar la situaci\u00f3n socioeducativa Iberoamericana.<\/p>\n<p style=\"padding-right: 30px;\"><span style=\"color: #59600d;\"><a style=\"color: #59600d;\" href=\"http:\/\/www.oei.es\/historico\/publicaciones\/destacado.php\">http:\/\/www.oei.es\/historico\/publicaciones\/destacado.php<\/a><\/span><\/p>\n<\/td>\n<td><img loading=\"lazy\" decoding=\"async\" src=\"http:\/\/www.grade.org.pe\/wp-content\/uploads\/OEI_logo.png\" width=\"200\" height=\"78\" \/><\/td>\n<\/tr>\n<tr style=\"text-align: justify;\">\n<td>\n<p style=\"padding-right: 30px;\"><span style=\"color: #59600d;\"><strong>OIT: publicaciones<\/strong><\/span><\/p>\n<p style=\"padding-right: 30px;\">La Organizaci\u00f3n Internacional del Trabajo (OIT), a trav\u00e9s de su web institucional, pone a disposici\u00f3n todas sus publicaciones a texto completo: libros e informes, boletines y revista del trabajo, documentos de trabajo y documentos de reuniones. Los temas que abordan son: empleo, empleo juvenil, futuro de trabajo, libertad sindical, igualdad de g\u00e9nero, migraci\u00f3n laboral, salarios, seguridad y salud del trabajo, entre otros.<\/p>\n<p style=\"padding-right: 30px;\"><span style=\"color: #59600d;\"><a style=\"color: #59600d;\" href=\"http:\/\/www.ilo.org\/global\/publications\/lang--es\/index.htm\">http:\/\/www.ilo.org\/global\/publications\/lang&#8211;es\/index.htm<\/a><\/span><\/p>\n<\/td>\n<td><img loading=\"lazy\" decoding=\"async\" src=\"http:\/\/www.grade.org.pe\/wp-content\/uploads\/011.png\" width=\"200\" height=\"100\" \/><\/td>\n<\/tr>\n<tr style=\"text-align: justify;\">\n<td>\n<p style=\"padding-right: 30px;\"><span style=\"color: #59600d;\"><strong>Pensamiento Cr\u00edtico: revista de la UNMSM<\/strong><\/span><\/p>\n<p style=\"padding-right: 30px;\">Es una revista publicada por el Instituto de Investigaci\u00f3n de la Facultad de Ciencias Econ\u00f3micas de la Universidad Nacional Mayor de San Marcos (UNMSM). Pensamiento Cr\u00edtico publica trabajos que abordan los problemas de la econom\u00eda desde distintas perspectivas. La revista busca ser un espacio para el debate acad\u00e9mico que abarque los distintos campos de la econom\u00eda.<\/p>\n<p style=\"padding-right: 30px;\"><span style=\"color: #59600d;\"><a style=\"color: #59600d;\" href=\"http:\/\/revistasinvestigacion.unmsm.edu.pe\/index.php\/econo\/index\">http:\/\/revistasinvestigacion.unmsm.edu.pe\/index.php\/econo\/index<\/a><\/span><\/p>\n<\/td>\n<td><img loading=\"lazy\" decoding=\"async\" src=\"http:\/\/www.grade.org.pe\/wp-content\/uploads\/012.png\" width=\"200\" height=\"140\" \/><\/td>\n<\/tr>\n<tr style=\"text-align: justify;\">\n<td>\n<p style=\"padding-right: 30px;\"><span style=\"color: #59600d;\"><strong>Revista Peruana de Investigaci\u00f3n Educativa: revista de la SIEP<\/strong><\/span><\/p>\n<p style=\"padding-right: 30px;\">La Revista Peruana de Investigaci\u00f3n Educativa es elaborada por la Sociedad de Investigaci\u00f3n Educativa (SIEP), la cual se publica anualmente desde el 2009. Los temas que abarca son todos referentes a la educaci\u00f3n.<\/p>\n<p style=\"padding-right: 30px;\"><span style=\"color: #59600d;\"><a style=\"color: #59600d;\" href=\"http:\/\/www.siep.org.pe\/?page_id=250\">http:\/\/www.siep.org.pe\/?page_id=250<\/a><\/span><\/p>\n<\/td>\n<td><img loading=\"lazy\" decoding=\"async\" src=\"http:\/\/www.grade.org.pe\/wp-content\/uploads\/013.jpg\" width=\"200\" height=\"90\" \/><\/td>\n<\/tr>\n<\/tbody>\n<\/table>\n","protected":false},"excerpt":{"rendered":"<p>Apuntes: revista del CIUP Es una revista semestral de ciencias sociales editada por el Centro de Investigaci\u00f3n de la Universidad del Pac\u00edfico (CIUP). La revista tiene por finalidad publicar y difundir estudios de investigaci\u00f3n emp\u00edrica sobre Am\u00e9rica Latina y el Per\u00fa con \u00e9nfasis en pol\u00edticas sociales. http:\/\/www.up.edu.pe\/revista_apuntes\/SitePages\/index.aspx Banco Mundial: publicaciones En la p\u00e1gina del Banco [&hellip;]<\/p>\n","protected":false},"author":2,"featured_media":0,"parent":79,"menu_order":3,"comment_status":"closed","ping_status":"closed","template":"","meta":{"footnotes":""},"class_list":["post-23212","page","type-page","status-publish","hentry"],"_links":{"self":[{"href":"http:\/\/grade.org.pe\/en\/wp-json\/wp\/v2\/pages\/23212","targetHints":{"allow":["GET"]}}],"collection":[{"href":"http:\/\/grade.org.pe\/en\/wp-json\/wp\/v2\/pages"}],"about":[{"href":"http:\/\/grade.org.pe\/en\/wp-json\/wp\/v2\/types\/page"}],"author":[{"embeddable":true,"href":"http:\/\/grade.org.pe\/en\/wp-json\/wp\/v2\/users\/2"}],"replies":[{"embeddable":true,"href":"http:\/\/grade.org.pe\/en\/wp-json\/wp\/v2\/comments?post=23212"}],"version-history":[{"count":0,"href":"http:\/\/grade.org.pe\/en\/wp-json\/wp\/v2\/pages\/23212\/revisions"}],"up":[{"embeddable":true,"href":"http:\/\/grade.org.pe\/en\/wp-json\/wp\/v2\/pages\/79"}],"wp:attachment":[{"href":"http:\/\/grade.org.pe\/en\/wp-json\/wp\/v2\/media?parent=23212"}],"curies":[{"name":"wp","href":"https:\/\/api.w.org\/{rel}","templated":true}]}}