{"id":23210,"date":"2017-06-20T15:37:04","date_gmt":"2017-06-20T20:37:04","guid":{"rendered":"http:\/\/www.grade.org.pe\/?page_id=23210"},"modified":"2017-06-21T10:05:02","modified_gmt":"2017-06-21T15:05:02","slug":"bases-de-datos-y-repositorios-abiertos","status":"publish","type":"page","link":"http:\/\/grade.org.pe\/en\/library\/other-information-resources\/data-bases-and-open-repositories\/","title":{"rendered":"Data bases and open repositories"},"content":{"rendered":"<table>\n<tbody>\n<tr>\n<td>\n<p style=\"padding-right: 30px;\"><span style=\"color: #59600d;\"><strong>AgEcon Search<\/strong><\/span><\/p>\n<p style=\"padding-right: 30px;\">Research in Agricultural &amp; Applied Economics (AgEcon Search) es un repositorio de acceso abierto a literatura acad\u00e9mica sobre econom\u00eda agr\u00edcola y aplicada. Alcanzando subdisciplinas como: agroindustria, abastecimiento de alimentos, econom\u00eda de los recursos naturales, econom\u00eda ambiental, comercio agr\u00edcola y desarrollo econ\u00f3mico. Incluye documentos de trabajo, art\u00edculos de revistas acad\u00e9micas y ponencias presentadas en conferencias, entre otros.<\/p>\n<p style=\"padding-right: 30px;\"><span style=\"color: #59600d;\"><a style=\"color: #59600d;\" href=\"https:\/\/ageconsearch.tind.io\/\">https:\/\/ageconsearch.tind.io\/<\/a><\/span><\/p>\n<\/td>\n<td><img loading=\"lazy\" decoding=\"async\" src=\"http:\/\/www.grade.org.pe\/wp-content\/uploads\/014.jpg\" width=\"200\" height=\"60\" \/><\/td>\n<\/tr>\n<tr>\n<td>\n<p style=\"padding-right: 30px;\"><strong><span style=\"color: #59600d;\">BANCO MUNDIAL: repositorio<\/span><\/strong><\/p>\n<p style=\"padding-right: 30px;\"><span style=\"color: #333333;\">El objetivo del repositorio es mejorar y ampliar el acceso a su producci\u00f3n cient\u00edfica. Adem\u00e1s de fomentar que cualquier persona pueda utilizar los conocimientos generados por el Banco. El repositorio contiene libros, informes, documentos de trabajo, art\u00edculos en revistas especializadas y conjuntos de datos asociados sobre desarrollo. Su alcance temporal abarca documentos desde 1978 hasta el presente. Los documentos est\u00e1n en acceso abierto bajo licencia Creative Commons.<\/span><\/p>\n<p style=\"padding-right: 30px;\"><span style=\"color: #59600d;\"><a style=\"color: #59600d;\" href=\"https:\/\/openknowledge.worldbank.org\/\">https:\/\/openknowledge.worldbank.org\/<\/a><\/span><\/p>\n<\/td>\n<td><img loading=\"lazy\" decoding=\"async\" src=\"http:\/\/www.grade.org.pe\/wp-content\/uploads\/015.jpg\" width=\"200\" height=\"110\" \/><\/td>\n<\/tr>\n<tr>\n<td>\n<p style=\"padding-right: 30px;\"><span style=\"color: #59600d;\"><strong>CLACSO<\/strong><\/span><\/p>\n<p style=\"padding-right: 30px;\">Es una iniciativa colaborativa que difunde la producci\u00f3n de la red de centros miembros y programas del Consejo Latinoamericano de Ciencias Sociales (CLACSO) desde 1998. Ofrece una sala de lectura con 30.000 textos completos de Am\u00e9rica Latina y El Caribe; acceso al texto completo de 97 revistas de la red CLACSO en 17 pa\u00edses de Am\u00e9rica Latina y el Caribe; videos, radios en l\u00ednea y multimedia de centros miembros de CLACSO; m\u00e1s de 150.000 textos completos mediante enlaces a otras colecciones de ciencias sociales en texto completo.<\/p>\n<p style=\"padding-right: 30px;\"><a href=\"http:\/\/biblioteca.clacso.edu.ar\/ \"><span style=\"color: #59600d;\">http:\/\/biblioteca.clacso.edu.ar\/<\/span> <\/a><\/p>\n<\/td>\n<td><img loading=\"lazy\" decoding=\"async\" src=\"http:\/\/www.grade.org.pe\/wp-content\/uploads\/016.jpg\" width=\"200\" height=\"180\" \/><\/td>\n<\/tr>\n<tr>\n<td>\n<p style=\"padding-right: 30px;\"><span style=\"color: #59600d;\"><strong>SciELO<\/strong><\/span><\/p>\n<p style=\"padding-right: 30px;\">Biblioteca cient\u00edfica electr\u00f3nica conformada por una colecci\u00f3n de 1.252 revistas cient\u00edficas seleccionadas en todas las \u00e1reas del conocimiento, entre ellas la Econom\u00eda. Es un proyecto de alcance regional \u2013abarcando Am\u00e9rica Latina, Espa\u00f1a y Sud\u00e1frica-, que cuenta con la participaci\u00f3n de 15 pa\u00edses.<\/p>\n<p style=\"padding-right: 30px;\"><span style=\"color: #59600d;\"><a style=\"color: #59600d;\" href=\"http:\/\/www.scielo.org\/php\/index.php?lang=es\">http:\/\/www.scielo.org\/php\/index.php?lang=es<\/a><\/span><\/p>\n<\/td>\n<td><img loading=\"lazy\" decoding=\"async\" src=\"http:\/\/www.grade.org.pe\/wp-content\/uploads\/017.jpg\" width=\"200\" height=\"100\" \/><\/td>\n<\/tr>\n<tr>\n<td>\n<p style=\"padding-right: 30px;\"><span style=\"color: #59600d;\"><strong>Dialnet<\/strong><\/span><\/p>\n<p style=\"padding-right: 30px;\">Es uno de los mayores portales bibliogr\u00e1ficos de acceso libre y gratuito, cuyo principal cometido es dar mayor visibilidad a la literatura cient\u00edfica hispana en Internet, recopilando y facilitando el acceso a contenidos cient\u00edficos, principalmente a trav\u00e9s de alertas documentales. Adem\u00e1s, cuenta con una base de datos exhaustiva, interdisciplinar y actualizada, que permite el dep\u00f3sito de contenidos a texto completo.<\/p>\n<p style=\"padding-right: 30px;\"><span style=\"color: #59600d;\"><a style=\"color: #59600d;\" href=\"https:\/\/dialnet.unirioja.es\/\">https:\/\/dialnet.unirioja.es\/<\/a><\/span><\/p>\n<\/td>\n<td><img loading=\"lazy\" decoding=\"async\" src=\"http:\/\/www.grade.org.pe\/wp-content\/uploads\/018.png\" width=\"200\" height=\"40\" \/><\/td>\n<\/tr>\n<tr>\n<td>\n<p style=\"padding-right: 30px;\"><span style=\"color: #59600d;\"><strong>DOAJ<\/strong><\/span><\/p>\n<p style=\"padding-right: 30px;\">Es un directorio que ofrece acceso gratuito al texto completo de una colecci\u00f3n de revistas electr\u00f3nicas que se sometan a un espec\u00edfico y exigente sistema de calidad, sin l\u00edmites en cuanto a lengua o materia. Actualmente son m\u00e1s de 11.151 t\u00edtulos de revistas disponibles (2.181.172 art\u00edculos), entre los que se encuentran numerosas revistas de ciencias sociales y humanidades.<\/p>\n<p style=\"padding-right: 30px;\"><span style=\"color: #59600d;\"><a style=\"color: #59600d;\" href=\"https:\/\/doaj.org\/\">https:\/\/doaj.org\/<\/a><\/span><\/p>\n<\/td>\n<td><img loading=\"lazy\" decoding=\"async\" src=\"http:\/\/www.grade.org.pe\/wp-content\/uploads\/019.png\" width=\"200\" height=\"70\" \/><\/td>\n<\/tr>\n<tr>\n<td>\n<p style=\"padding-right: 30px;\"><span style=\"color: #59600d;\"><strong>CEPAL: repositorio digital<\/strong><\/span><\/p>\n<p style=\"padding-right: 30px;\">El repositorio digital de la Comisi\u00f3n Econ\u00f3mica para Am\u00e9rica Latina (CEPAL) provee acceso a m\u00e1s de 35,000 publicaciones digitales, desde la primera publicaci\u00f3n de la CEPAL en 1948 hasta la m\u00e1s reciente. Todos los documentos est\u00e1n disponibles a texto completo.<\/p>\n<p style=\"padding-right: 30px;\"><span style=\"color: #59600d;\"><a style=\"color: #59600d;\" href=\"http:\/\/repositorio.cepal.org\/\">http:\/\/repositorio.cepal.org\/<\/a><\/span><\/p>\n<\/td>\n<td><img loading=\"lazy\" decoding=\"async\" src=\"http:\/\/www.grade.org.pe\/wp-content\/uploads\/020.png\" width=\"200\" height=\"180\" \/><\/td>\n<\/tr>\n<tr>\n<td>\n<p style=\"padding-right: 30px;\"><span style=\"color: #59600d;\"><strong>FLACSO Andes: repositorio<\/strong><\/span><\/p>\n<p style=\"padding-right: 30px;\">Este repositorio institucional ha sido creado para administrar, difundir, preservar y brindar acceso a recursos acad\u00e9micos producidos por las diferentes sedes, programas y proyectos de la Facultad Latinoamericana de Ciencias Sociales, FLACSO. El repositorio se establece como un servicio en l\u00ednea, de acceso libre y gratuito.<\/p>\n<p style=\"padding-right: 30px;\"><span style=\"color: #59600d;\"><a style=\"color: #59600d;\" href=\"http:\/\/repositorio.flacsoandes.edu.ec\/\">http:\/\/repositorio.flacsoandes.edu.ec\/<\/a><\/span><\/p>\n<\/td>\n<td><img loading=\"lazy\" decoding=\"async\" src=\"http:\/\/www.grade.org.pe\/wp-content\/uploads\/021.png\" width=\"200\" height=\"100\" \/><\/td>\n<\/tr>\n<tr>\n<td>\n<p style=\"padding-right: 30px;\"><span style=\"color: #59600d;\"><strong>Latindex<\/strong><\/span><\/p>\n<p style=\"padding-right: 30px;\">Es producto de la cooperaci\u00f3n de una red de instituciones que funcionan de manera coordinada para reunir y diseminar informaci\u00f3n bibliogr\u00e1fica sobre las publicaciones cient\u00edficas seriadas producidas en la regi\u00f3n. Actualmente cuenta con m\u00e1s de 24.222 revistas en Directorio, 8.169 en el Cat\u00e1logo y 6.869 en \u00cdndice de Recursos Electr\u00f3nicos.<\/p>\n<p style=\"padding-right: 30px;\"><span style=\"color: #59600d;\"><a style=\"color: #59600d;\" href=\"http:\/\/www.latindex.unam.mx\/latindex\/inicio\">http:\/\/www.latindex.unam.mx\/latindex\/inicio<\/a><\/span><\/p>\n<\/td>\n<td><img loading=\"lazy\" decoding=\"async\" src=\"http:\/\/www.grade.org.pe\/wp-content\/uploads\/022.jpg\" width=\"200\" height=\"70\" \/><\/td>\n<\/tr>\n<tr>\n<td>\n<p style=\"padding-right: 30px;\"><span style=\"color: #59600d;\"><strong>MINEDU: repositorio<\/strong><\/span><\/p>\n<p style=\"padding-right: 30px;\">El repositorio institucional, recolecta, preserva y distribuye material educativo y difunde publicaciones oficiales del Ministerio de Educaci\u00f3n (MINEDU). Es una herramienta que facilita la comunicaci\u00f3n acad\u00e9mica. El acceso a los documentos es libre y no requiere ninguna inscripci\u00f3n ni costo.<\/p>\n<p style=\"padding-right: 30px;\"><span style=\"color: #59600d;\"><a style=\"color: #59600d;\" href=\"http:\/\/repositorio.minedu.gob.pe\/\">http:\/\/repositorio.minedu.gob.pe\/<\/a><\/span><\/p>\n<\/td>\n<td><img loading=\"lazy\" decoding=\"async\" src=\"http:\/\/www.grade.org.pe\/wp-content\/uploads\/023.png\" width=\"200\" height=\"50\" \/><\/td>\n<\/tr>\n<tr>\n<td>\n<p style=\"padding-right: 30px;\"><span style=\"color: #59600d;\"><strong>PUCP: repositorios<\/strong><\/span><\/p>\n<p style=\"padding-right: 30px;\">Los repositorios de la PUCP albergan colecciones, bibliograf\u00eda, revistas, tesis y materiales digitalizados, producidos por los miembros de la comunidad PUCP y las instituciones adscritas a la Universidad. Cuenta con el repositorio institucional, el repositorio de tesis y el portal de revistas. En el primero se puede encontrar los documentos de trabajo del Centro de Investigaciones Sociol\u00f3gicas, Econ\u00f3micas, Pol\u00edticas y Antropol\u00f3gicas (CISEPA), de los departamentos acad\u00e9micos de ciencias sociales, educaci\u00f3n, econom\u00eda, entro otros. Asimismo se puede encontrar toda la colecci\u00f3n de revistas del Fondo Editorial de la PUCP, como por ejemplo: Anthropol\u00f3gica, Debates en Sociolog\u00eda, Econom\u00eda, Educaci\u00f3n, Revista de Psicolog\u00eda, entre otras.<\/p>\n<p style=\"padding-right: 30px;\"><span style=\"color: #59600d;\"><a style=\"color: #59600d;\" href=\"http:\/\/biblioteca.pucp.edu.pe\/recursos-electronicos\/repositorios-pucp\/\">http:\/\/biblioteca.pucp.edu.pe\/recursos-electronicos\/repositorios-pucp\/\u00a0<\/a><\/span><\/p>\n<\/td>\n<td><img loading=\"lazy\" decoding=\"async\" src=\"http:\/\/www.grade.org.pe\/wp-content\/uploads\/024.jpg\" width=\"200\" height=\"140\" \/><\/td>\n<\/tr>\n<tr>\n<td>\n<p style=\"padding-right: 30px;\"><span style=\"color: #59600d;\"><strong>Redalyc<\/strong><\/span><\/p>\n<p style=\"padding-right: 30px;\">Es una plataforma de informaci\u00f3n cient\u00edfica con acceso abierto a nivel internacional, orientada a cubrir las necesidades en materia de desarrollo cient\u00edfico y tecnol\u00f3gico; a trav\u00e9s de la recuperaci\u00f3n y consulta de contenidos especializados y de la generaci\u00f3n de indicadores.<\/p>\n<p style=\"padding-right: 30px;\"><span style=\"color: #59600d;\"><a style=\"color: #59600d;\" href=\"http:\/\/www.redalyc.org\/\">http:\/\/www.redalyc.org\/<\/a><\/span><\/p>\n<\/td>\n<td><img loading=\"lazy\" decoding=\"async\" src=\"http:\/\/www.grade.org.pe\/wp-content\/uploads\/025.png\" width=\"200\" height=\"70\" \/><\/td>\n<\/tr>\n<tr>\n<td>\n<p style=\"padding-right: 30px;\"><span style=\"color: #59600d;\"><strong>RePEc\/IDEAS<\/strong><\/span><\/p>\n<p style=\"padding-right: 30px;\">Bases de datos independientes sobre econom\u00eda que re\u00fanen documentos de trabajo, art\u00edculos de revistas, libros y componentes de software. Las principales base de datos son: IDEAS, EconPapers, CitEc, entre otras. IDEAS es la principal base de datos bibliogr\u00e1fica dedicada a la econom\u00eda y disponible libremente en Internet sobre la base de RePEc. Indexa m\u00e1s de 2.200.000 art\u00edculos de investigaci\u00f3n, incluyendo m\u00e1s de 2.000.000 que se puede descargar en su versi\u00f3n completa.<\/p>\n<p style=\"padding-right: 30px;\"><span style=\"color: #59600d;\"><a style=\"color: #59600d;\" href=\"https:\/\/ideas.repec.org\/\">https:\/\/ideas.repec.org\/<\/a><\/span><\/p>\n<\/td>\n<td><img loading=\"lazy\" decoding=\"async\" src=\"http:\/\/www.grade.org.pe\/wp-content\/uploads\/026.gif\" width=\"200\" height=\"100\" \/><\/td>\n<\/tr>\n<tr>\n<td>\n<p style=\"padding-right: 30px;\"><span style=\"color: #59600d;\"><strong>SSRN<\/strong><\/span><\/p>\n<p style=\"padding-right: 30px;\">Social Science Research Network (SSRN) es una plataforma de investigaci\u00f3n en Ciencias Sociales y Humanidades que recoge las principales redes de investigaci\u00f3n y permite acceder a m\u00faltiples series de documentos de trabajo y a revistas de acceso abierto.<\/p>\n<p style=\"padding-right: 30px;\"><span style=\"color: #59600d;\"><a style=\"color: #59600d;\" href=\"https:\/\/papers.ssrn.com\/sol3\/DisplayAbstractSearch.cfm\">https:\/\/papers.ssrn.com\/sol3\/DisplayAbstractSearch.cfm<\/a><\/span><\/p>\n<\/td>\n<td><img loading=\"lazy\" decoding=\"async\" src=\"http:\/\/www.grade.org.pe\/wp-content\/uploads\/027.png\" width=\"200\" height=\"100\" \/><\/td>\n<\/tr>\n<tr>\n<td>\n<p style=\"padding-right: 30px;\"><span style=\"color: #59600d;\"><strong>Universidad del Pac\u00edfico: repositorio<\/strong><\/span><\/p>\n<p style=\"padding-right: 30px;\">El repositorio institucional de la Universidad del Pac\u00edfico (REDUP) es una herramienta virtual que tiene por objeto almacenar, conservar, preservar y difundir la creaci\u00f3n cient\u00edfico-intelectual de los miembros de la Universidad del Pac\u00edfico. Actualmente se puede encontrar toda la colecci\u00f3n completa de la revista Apuntes y los documentos del Centro de Investigaciones de la Universidad del Pac\u00edfico (CIUP); as\u00ed como algunos libros y tesis de esta casa de estudios.<\/p>\n<p style=\"padding-right: 30px;\"><span style=\"color: #59600d;\"><a style=\"color: #59600d;\" href=\"http:\/\/repositorio.up.edu.pe\/\">http:\/\/repositorio.up.edu.pe\/<\/a><\/span><\/p>\n<\/td>\n<td><img loading=\"lazy\" decoding=\"async\" src=\"http:\/\/www.grade.org.pe\/wp-content\/uploads\/028.png\" width=\"200\" height=\"80\" \/><\/td>\n<\/tr>\n<\/tbody>\n<\/table>\n","protected":false},"excerpt":{"rendered":"<p>AgEcon Search Research in Agricultural &amp; Applied Economics (AgEcon Search) es un repositorio de acceso abierto a literatura acad\u00e9mica sobre econom\u00eda agr\u00edcola y aplicada. Alcanzando subdisciplinas como: agroindustria, abastecimiento de alimentos, econom\u00eda de los recursos naturales, econom\u00eda ambiental, comercio agr\u00edcola y desarrollo econ\u00f3mico. Incluye documentos de trabajo, art\u00edculos de revistas acad\u00e9micas y ponencias presentadas en [&hellip;]<\/p>\n","protected":false},"author":2,"featured_media":0,"parent":79,"menu_order":5,"comment_status":"closed","ping_status":"closed","template":"","meta":{"footnotes":""},"class_list":["post-23210","page","type-page","status-publish","hentry"],"_links":{"self":[{"href":"http:\/\/grade.org.pe\/en\/wp-json\/wp\/v2\/pages\/23210","targetHints":{"allow":["GET"]}}],"collection":[{"href":"http:\/\/grade.org.pe\/en\/wp-json\/wp\/v2\/pages"}],"about":[{"href":"http:\/\/grade.org.pe\/en\/wp-json\/wp\/v2\/types\/page"}],"author":[{"embeddable":true,"href":"http:\/\/grade.org.pe\/en\/wp-json\/wp\/v2\/users\/2"}],"replies":[{"embeddable":true,"href":"http:\/\/grade.org.pe\/en\/wp-json\/wp\/v2\/comments?post=23210"}],"version-history":[{"count":0,"href":"http:\/\/grade.org.pe\/en\/wp-json\/wp\/v2\/pages\/23210\/revisions"}],"up":[{"embeddable":true,"href":"http:\/\/grade.org.pe\/en\/wp-json\/wp\/v2\/pages\/79"}],"wp:attachment":[{"href":"http:\/\/grade.org.pe\/en\/wp-json\/wp\/v2\/media?parent=23210"}],"curies":[{"name":"wp","href":"https:\/\/api.w.org\/{rel}","templated":true}]}}